{"id":2318,"date":"2022-01-29T14:00:15","date_gmt":"2022-01-29T14:00:15","guid":{"rendered":"https:\/\/nocapapps.com\/?page_id=2318"},"modified":"2022-01-29T14:00:15","modified_gmt":"2022-01-29T14:00:15","slug":"terms","status":"publish","type":"page","link":"https:\/\/nocapapps.com\/es\/terms\/","title":{"rendered":"Condiciones"},"content":{"rendered":"<p><strong>\u00a1Bienvenido al Servicio en l\u00ednea de NO CAP APPS (&quot;Nosotros&quot; o &quot;Nuestro&quot; o &quot;Nosotros&quot;)!<\/strong><\/p>\n<p><strong>CONDICIONES DE USO<\/strong><\/p>\n<p><strong>\u00daltima actualizaci\u00f3n 25 de enero<sup>el<\/sup>, 2022<\/strong><\/p>\n<p>Estos T\u00e9rminos de servicio (&quot;T\u00e9rminos&quot;) son un acuerdo legalmente vinculante entre usted, ya sea personalmente o en nombre de una entidad (&quot;USTED&quot;) y NO CAP APPS (&quot;Compa\u00f1\u00eda&quot;, &quot;nosotros&quot;, &quot;nos&quot; o &quot;nuestro&quot; ), y rigen Su uso de este sitio web, los servicios y las tecnolog\u00edas de software relacionadas para crear, construir y publicar aplicaciones m\u00f3viles que podemos proporcionar a trav\u00e9s de cualquiera de Nuestros sitios web (&quot;Servicios&quot;), y todos los textos, datos, informaci\u00f3n, software, gr\u00e1ficos , fotograf\u00edas y m\u00e1s que nosotros y nuestros afiliados podemos poner a su disposici\u00f3n (todo lo cual nos referimos como &quot;Materiales&quot;, &quot;Contenido&quot;). A menos que se indique lo contrario en estos T\u00e9rminos, las referencias al &quot;Servicio&quot; incluyen todos Nuestros sitios web y los Servicios.<\/p>\n<p>&nbsp;<\/p>\n<p><strong><u>LEA ESTOS T\u00c9RMINOS CUIDADOSAMENTE<\/u><\/strong>\u00a0ANTES DE ACCEDER O UTILIZAR EL SERVICIO. EL USO DEL SERVICIO O CUALQUIER PARTE DEL MISMO INDICA QUE USTED HA LE\u00cdDO Y ACEPTADO ESTOS T\u00c9RMINOS. NO PUEDE UTILIZAR EL SERVICIO O CUALQUIER PARTE DEL MISMO SI NO ACEPTA ESTOS T\u00c9RMINOS. CAMBIOS.<\/p>\n<p>Podemos alterar los Materiales y servicios que le ofrecemos a trav\u00e9s del Servicio y\/o optar por modificar, suspender o interrumpir el Servicio en cualquier momento. Tambi\u00e9n podemos cambiar, actualizar, agregar o eliminar disposiciones (colectivamente, &quot;modificaciones&quot;) de estos T\u00e9rminos de vez en cuando. Debido a que todos se benefician de la claridad, prometemos informarle sobre cualquier modificaci\u00f3n de estos T\u00e9rminos public\u00e1ndolos en el Servicio\/Soporte y, si se ha registrado con nosotros, describiendo las modificaciones de estos T\u00e9rminos en un correo electr\u00f3nico que le enviaremos al direcci\u00f3n que proporcion\u00f3 al registrarse en el Servicio. Para asegurarnos de que lleguemos correctamente a su bandeja de entrada de correo electr\u00f3nico, solo le pedimos que nos informe si su direcci\u00f3n de correo electr\u00f3nico preferida cambia en cualquier momento despu\u00e9s de su registro.<\/p>\n<p>Si se opone a dichas modificaciones, su \u00fanico recurso ser\u00e1 dejar de usar el Servicio. El uso continuo del Servicio despu\u00e9s de la notificaci\u00f3n de dichas modificaciones indica que Usted reconoce y acepta estar sujeto a las modificaciones. Adem\u00e1s, tenga en cuenta que estos T\u00e9rminos pueden ser reemplazados por avisos legales o t\u00e9rminos de Servicios individuales designados expresamente. Estos avisos o t\u00e9rminos legales expresamente designados se incorporan a estos T\u00e9rminos y reemplazan las disposiciones de estos T\u00e9rminos que se designan como reemplazadas.<\/p>\n<p><strong>USO GENERAL.<\/strong><\/p>\n<p>Lo invitamos a usar el Servicio para fines comerciales individuales, de consumo o de negocios (&quot;Prop\u00f3sitos permitidos&quot;). \u00a1Disfr\u00fatelo sin l\u00edmite!<\/p>\n<p>Al usar el Servicio, Usted promete que tiene al menos 18 a\u00f1os de edad.<\/p>\n<p>En estos T\u00e9rminos, le otorgamos una licencia limitada, personal, no exclusiva e intransferible para usar y mostrar los Materiales y para acceder y usar el Servicio para fines individuales, comerciales y de consumo (&quot;Prop\u00f3sitos permitidos&quot;); Su derecho a usar los Materiales est\u00e1 condicionado a Su cumplimiento de estos T\u00e9rminos. No tiene otros derechos sobre el Servicio o cualquier Material y no puede modificar, editar, copiar, reproducir, crear trabajos derivados, realizar ingenier\u00eda inversa, alterar, mejorar o explotar de ninguna manera ninguno de los Servicios o Materiales de ninguna manera. Si realiza copias de cualquiera de los Servicios, le pedimos que se asegure de conservar en las copias todos Nuestros derechos de autor y otros avisos de propiedad tal como aparecen en el Servicio.<\/p>\n<p>Desafortunadamente, si incumple alguno de estos T\u00e9rminos, la licencia anterior terminar\u00e1 autom\u00e1ticamente y deber\u00e1 destruir de inmediato cualquier material descargado o impreso (y cualquier copia del mismo).<\/p>\n<p><strong>USO DE ESTE SITIO WEB Y DEL SERVICIO.<\/strong><\/p>\n<p>Le agradecemos que visite este sitio web y le permitimos hacer precisamente eso: \u00a1vis\u00edtenos y compru\u00e9belo sin siquiera registrarse con nosotros!<\/p>\n<p>Sin embargo, para acceder a ciertas \u00e1reas restringidas por contrase\u00f1a de nuestro panel de control y para usar ciertos Servicios y Materiales ofrecidos en y a trav\u00e9s del Servicio, debe registrar correctamente una cuenta con Nosotros.<\/p>\n<p><strong>SUSCRIPCIONES.<\/strong><\/p>\n<p>Al registrarse y unirse a nosotros para ser un revendedor, se convierte en un &quot;Suscriptor&quot; con acceso a \u00e1reas restringidas por contrase\u00f1a del Servicio, tambi\u00e9n conocidas como la &quot;plataforma de creaci\u00f3n de aplicaciones&quot; de No Cap App, y para usar ciertos Servicios y Materiales ofrecidos en y a trav\u00e9s de el Servicio (una &quot;Suscripci\u00f3n&quot;).<\/p>\n<p>Cada Suscripci\u00f3n y los derechos y privilegios otorgados a cada Suscriptor son personales e intransferibles.<\/p>\n<p>Todos los pagos de las tarifas de Suscripci\u00f3n se realizar\u00e1n en d\u00f3lares estadounidenses y se cobrar\u00e1n directamente a trav\u00e9s de PAYPAL y las suscripciones mensuales que se paguen no son reembolsables.<\/p>\n<p>Si te has dado de alta como suscriptor ANUAL y deseas cancelar antes de que finalice tu per\u00edodo anual, se te reembolsar\u00e1 la diferencia a prorrata. Tenga en cuenta que, dado que ofrecemos un monto de descuento mayor para el servicio anual en comparaci\u00f3n con el servicio mensual, si cancela antes de tiempo, antes del per\u00edodo de 12 meses, se le cobrar\u00e1 la tarifa mensual por el tiempo que haya utilizado y se le reembolsar\u00e1 la diferencia prorrateada. .<\/p>\n<p>&nbsp;<\/p>\n<p>&nbsp;<\/p>\n<p><strong><u>CANCELACIONES DE SUSCRIPCIONES<\/u><\/strong>:<\/p>\n<p>Ofrecemos un per\u00edodo de prueba de 10 d\u00edas para $5, una vez superados los 10 d\u00edas,\u00a0<strong><u>te cobran\u00a0<\/u><\/strong>la tarifa pactada en la que te hayas dado de alta, mensual o anual.<\/p>\n<p>Debe tener en cuenta, si desea cancelar el servicio,\u00a0<strong><u>DEBE HACER ESTO A TRAV\u00c9S DE SU CUENTA DE PAYPAL<\/u><\/strong><u>,<\/u>\u00a0<em>no cancelamos cuentas<\/em>, pero eres libre de hacerlo.<\/p>\n<p>&nbsp;<\/p>\n<p>Le recomendamos\u00a0<u>inicia sesi\u00f3n en su cuenta de pay pal y cancela su suscripci\u00f3n<\/u>, PayPal finalizar\u00e1 esto por usted y no se le cobrar\u00e1 en el futuro.<\/p>\n<p>Al unirse a nosotros como miembro suscriptor, acepta estas condiciones y acepta que es su responsabilidad.<\/p>\n<p>si NO cancela antes de que finalice la prueba, se le facturar\u00e1 autom\u00e1ticamente el pago recurrente en el que se registr\u00f3. Nota: su cuenta permanecer\u00e1 VIVA por cada mes que se haya suscrito. Si cancela su suscripci\u00f3n y ha pagado, entonces su suscripci\u00f3n permanecer\u00e1 VIVA hasta que venza el pr\u00f3ximo pago,\u00a0<strong><u>SIN REEMBOLSOS<\/u><\/strong>\u00a0se ofrecen ya que este es un modelo basado en suscripci\u00f3n y USTED es responsable de cancelar su suscripci\u00f3n.<\/p>\n<p>Si cuando vence el pr\u00f3ximo pago y ya cancel\u00f3, su plataforma se apagar\u00e1 autom\u00e1ticamente y ya no se le otorgar\u00e1 acceso.<\/p>\n<p>Hemos tenido momentos extra\u00f1os en los que las personas han presentado disputas con PayPal una vez que comenz\u00f3 su suscripci\u00f3n, NOTA, PayPal una vez que ven que nuestros t\u00e9rminos y condiciones est\u00e1n claramente establecidos aqu\u00ed, se han negado a cumplir con dichas solicitudes porque saben que tuvo que iniciar manualmente la suscripci\u00f3n en primer lugar. Entonces, si no desea utilizar nuestro servicio,\u00a0<strong><em><u>CANCELA TU SUSCRIPCI\u00d3N ANTES DE QUE TERMINE LA PRUEBA.<\/u><\/em><\/strong><\/p>\n<p><strong>IMPORTANTE:<\/strong><\/p>\n<p>Le recomendamos que si desea cancelar su suscripci\u00f3n, haga esto,\u00a0<em>ANTES DE<\/em>\u00a0la pr\u00f3xima suscripci\u00f3n vence y es pagadera porque una vez que se haya realizado el pago, tendr\u00e1 acceso a su panel de control durante un per\u00edodo consecutivo de 30 d\u00edas y tendr\u00e1 acceso a los c\u00f3digos fuente de Google y Apple iOS, que permanecer\u00e1n activos.\u00a0<strong>SIN REEMBOLSOS<\/strong>\u00a0se proporcionan en suscripciones mensuales. Si cancela, su cuenta simplemente se desactivar\u00e1 30 d\u00edas despu\u00e9s de que se realiz\u00f3 el \u00faltimo pago de suscripci\u00f3n y usted acepta estos t\u00e9rminos antes de unirse.<\/p>\n<p><strong>\u00a0<\/strong><\/p>\n<p><strong>ACTIVIDADES NO AUTORIZADAS.<\/strong><\/p>\n<p>Para ser claros, autorizamos su uso del Servicio solo para fines permitidos. Cualquier otro uso del Servicio m\u00e1s all\u00e1 de los Fines Permitidos est\u00e1 prohibido y, por lo tanto, constituye un uso no autorizado del Servicio. Esto se debe a que, entre usted y nosotros, todos los derechos sobre el Servicio siguen siendo de nuestra propiedad.<\/p>\n<p>El uso no autorizado del Servicio puede resultar en la violaci\u00f3n de varias leyes de derechos de autor internacionales y de los Estados Unidos. Preferimos mantener esta relaci\u00f3n libre de dramas, mientras usa el Servicio, usted acepta cumplir con los est\u00e1ndares comunes de etiqueta y actuar de acuerdo con la ley. Por ejemplo, acepta no utilizar el Servicio:<\/p>\n<p>De una manera que modifique, muestre p\u00fablicamente, realice p\u00fablicamente, reproduzca o distribuya cualquiera de los Servicios.<\/p>\n<ul>\n<li>De una manera que viole cualquier estatuto, regulaci\u00f3n, regla, orden, tratado u otra ley local, estatal, nacional, extranjera o internacional.<\/li>\n<li>Acechar, acosar o da\u00f1ar a otra persona.<\/li>\n<li>Hacerse pasar por cualquier persona o entidad o tergiversar de otra manera. Su afiliaci\u00f3n con una persona o entidad.<\/li>\n<li>Interferir o interrumpir el Servicio o los servidores o las redes conectadas al Servicio.<\/li>\n<li>Usar cualquier idioma en las aplicaciones que podr\u00edan considerarse &quot;da\u00f1inas&quot;, o m\u00e9todos similares de recopilaci\u00f3n o extracci\u00f3n de datos en relaci\u00f3n con el Servicio a trav\u00e9s de cualquier otro medio que no sea la interfaz proporcionada por NO CAP APPS para acceder al Servicio.<\/li>\n<li>Para intentar obtener acceso no autorizado a cualquier parte del Servicio o cualquier otra cuenta, sistema inform\u00e1tico o red conectada al Servicio, ya sea mediante pirater\u00eda, extracci\u00f3n de contrase\u00f1as o cualquier otro medio.<\/li>\n<\/ul>\n<p>Recuerde, estos son solo ejemplos y la lista anterior no es una lista completa de todo lo que no tiene permitido hacer.<\/p>\n<p>&nbsp;<\/p>\n<p><strong>DERECHOS DE PROPIEDAD INTELECTUAL<\/strong><\/p>\n<p>A menos que se indique dos veces, el Sitio\/Plataforma es propiedad de nuestra propiedad y todo el software, el c\u00f3digo fuente, los datos, las bases de datos, los dise\u00f1os, el audio, el video, el texto, la funcionalidad, los logotipos, las marcas registradas, los gr\u00e1ficos, las fotograf\u00edas, los dise\u00f1os de sitios web, la funcionalidad y todo el contenido colectivo son de nuestra propiedad o est\u00e1n controlados por nosotros o est\u00e1n autorizados para nosotros, que est\u00e1n protegidos por marcas registradas y leyes de derechos de autor, as\u00ed como varios otros derechos de propiedad intelectual, incluidas las leyes de competencia desleal de los Estados Unidos, las leyes de derechos de autor a nivel internacional, incluidas las convenciones internacionales. Todo lo mencionado anteriormente se proporciona en el sitio y la plataforma &quot;TAL CUAL&quot; solo para uso personal e informativo. Con la excepci\u00f3n de lo descrito en los T\u00e9rminos de uso, absolutamente no permitimos que ning\u00fan contenido de nuestro sitio o plataforma se reproduzca, copie, venda, comercialice, disperse, traduzca, autorice, enmarque, publique, venda o use comercialmente. sin un acuerdo de permiso de consentimiento directo por escrito firmado, proporcionado y acordado por nosotros.<\/p>\n<p>Si se le ha otorgado el uso de nuestra plataforma y sitio, sus permisos otorgados son una licencia limitada de accesibilidad para uso estrictamente personal y no comercial. Nos reservamos todos los derechos y la propiedad no otorgados especialmente a usted tambi\u00e9n en el contenido, la plataforma de marcas y el sitio.<\/p>\n<p>&nbsp;<\/p>\n<p><strong>DESCARGO DE RESPONSABILIDAD<\/strong><\/p>\n<p>EL SITIO Y LA PLATAFORMA DE CONSTRUCCI\u00d3N DE APLICACIONES SE PROPORCIONAN TAL CUAL Y SEG\u00daN DISPONIBILIDAD. USTED ACEPTA UTILIZAR EL SITIO, NUESTROS SERVICIOS Y LA PLATAFORMA DE CONSTRUCCI\u00d3N BAJO SU PROPIO RIESGO.<\/p>\n<p><strong>Sin garant\u00eda:<\/strong> El Software\/Plataforma se proporciona sin ninguna garant\u00eda; El Licenciante por la presente renuncia a cualquier garant\u00eda de que el Software est\u00e9 libre de errores, defectos o c\u00f3digos que puedan causar da\u00f1os a las computadoras del Licenciatario (Sus) o al Licenciatario, y que el Software sea funcional. El Licenciatario ser\u00e1 el \u00fanico responsable de cualquier da\u00f1o, defecto o p\u00e9rdida en que se incurra como resultado de la operaci\u00f3n del software\/plataforma\/m\u00f3dulos\/caracter\u00edsticas\/plantilla y dise\u00f1os y asumir\u00e1 los riesgos contenidos en la ejecuci\u00f3n\/uso del Software\/Plataforma.<\/p>","protected":false},"excerpt":{"rendered":"<p>\u00a1Bienvenido al Servicio NO CAP APPS Online (\u201cNosotros\u201d o \u201cNuestro\u201d o \u201cNosotros\u201d)! T\u00c9RMINOS DE USO \u00daltima actualizaci\u00f3n el 25 de enero de 2022 Estos T\u00e9rminos de servicio (\u201cT\u00e9rminos\u201d) son un acuerdo legalmente vinculante entre usted, ya sea personalmente o en nombre de una entidad (\u201cUSTED\u201d) y NO CAP APPS (\u201cCompa\u00f1\u00eda, \u201cnosotros\u201d , \u201cnosotros\u201d o \u201cnuestro\u201d) y rigen su uso [\u2026]<\/p>","protected":false},"author":2,"featured_media":0,"parent":0,"menu_order":0,"comment_status":"closed","ping_status":"closed","template":"","meta":[],"acf":[],"_links":{"self":[{"href":"https:\/\/nocapapps.com\/es\/wp-json\/wp\/v2\/pages\/2318"}],"collection":[{"href":"https:\/\/nocapapps.com\/es\/wp-json\/wp\/v2\/pages"}],"about":[{"href":"https:\/\/nocapapps.com\/es\/wp-json\/wp\/v2\/types\/page"}],"author":[{"embeddable":true,"href":"https:\/\/nocapapps.com\/es\/wp-json\/wp\/v2\/users\/2"}],"replies":[{"embeddable":true,"href":"https:\/\/nocapapps.com\/es\/wp-json\/wp\/v2\/comments?post=2318"}],"version-history":[{"count":1,"href":"https:\/\/nocapapps.com\/es\/wp-json\/wp\/v2\/pages\/2318\/revisions"}],"predecessor-version":[{"id":2319,"href":"https:\/\/nocapapps.com\/es\/wp-json\/wp\/v2\/pages\/2318\/revisions\/2319"}],"wp:attachment":[{"href":"https:\/\/nocapapps.com\/es\/wp-json\/wp\/v2\/media?parent=2318"}],"curies":[{"name":"wp","href":"https:\/\/api.w.org\/{rel}","templated":true}]}}