{"id":2383,"date":"2022-02-17T21:59:41","date_gmt":"2022-02-17T21:59:41","guid":{"rendered":"https:\/\/nocapapps.com\/?page_id=2383"},"modified":"2022-02-18T06:28:19","modified_gmt":"2022-02-18T06:28:19","slug":"privacy-policy","status":"publish","type":"page","link":"https:\/\/nocapapps.com\/es\/privacy-policy\/","title":{"rendered":"Pol\u00edtica de privacidad"},"content":{"rendered":"<div data-elementor-type=\"wp-page\" data-elementor-id=\"2383\" class=\"elementor elementor-2383\">\n\t\t\t\t\t\t<section class=\"elementor-section elementor-top-section elementor-element elementor-element-6e59733 elementor-section-boxed elementor-section-height-default elementor-section-height-default\" data-id=\"6e59733\" data-element_type=\"section\" data-settings=\"{&quot;ekit_has_onepagescroll_dot&quot;:&quot;yes&quot;}\">\n\t\t\t\t\t\t<div class=\"elementor-container elementor-column-gap-default\">\n\t\t\t\t\t<div class=\"elementor-column elementor-col-100 elementor-top-column elementor-element elementor-element-e6a9355\" data-id=\"e6a9355\" data-element_type=\"column\">\n\t\t\t<div class=\"elementor-widget-wrap elementor-element-populated\">\n\t\t\t\t\t\t<div class=\"elementor-element elementor-element-8fd43dc elementor-widget elementor-widget-text-editor\" data-id=\"8fd43dc\" data-element_type=\"widget\" data-settings=\"{&quot;ekit_we_effect_on&quot;:&quot;none&quot;}\" data-widget_type=\"text-editor.default\">\n\t\t\t\t<div class=\"elementor-widget-container\">\n\t\t\t<style>\/*! elementor - v3.21.0 - 08-05-2024 *\/\n.elementor-widget-text-editor.elementor-drop-cap-view-stacked .elementor-drop-cap{background-color:#69727d;color:#fff}.elementor-widget-text-editor.elementor-drop-cap-view-framed .elementor-drop-cap{color:#69727d;border:3px solid;background-color:transparent}.elementor-widget-text-editor:not(.elementor-drop-cap-view-default) .elementor-drop-cap{margin-top:8px}.elementor-widget-text-editor:not(.elementor-drop-cap-view-default) .elementor-drop-cap-letter{width:1em;height:1em}.elementor-widget-text-editor .elementor-drop-cap{float:left;text-align:center;line-height:1;font-size:50px}.elementor-widget-text-editor .elementor-drop-cap-letter{display:inline-block}<\/style>\t\t\t\t<h1>Pol\u00edtica de privacidad de la aplicaci\u00f3n de plataforma y sitio web de No Cap Apps<\/h1><p>Esta Aplicaci\u00f3n recopila algunos Datos Personales de sus Usuarios.<\/p><h2>Controlador de datos y propietario<\/h2><div>No Cap App(s) PO Box 85038 Hallandale Beach, Fl 33008 Propiedad de No Cap Apps \u2013 Isaac Ergas\u00a0<\/div><p>\u00a0<\/p><h2>Tipos de datos recopilados<\/h2><p>Entre los tipos de Datos Personales que recoge esta Aplicaci\u00f3n, por s\u00ed misma o a trav\u00e9s de terceros, se encuentran: Posici\u00f3n Geogr\u00e1fica, Cookie y Datos de Uso. Otros Datos personales recopilados pueden describirse en otras secciones de esta pol\u00edtica de privacidad o mediante un texto de explicaci\u00f3n dedicado contextualmente con la recopilaci\u00f3n de Datos. Los Datos Personales pueden ser proporcionados libremente por el Usuario, o recopilados autom\u00e1ticamente al utilizar esta Aplicaci\u00f3n. Cualquier uso de Cookies -o de otras herramientas de seguimiento- por parte de esta Aplicaci\u00f3n o de los propietarios de servicios de terceros utilizados por esta Aplicaci\u00f3n, a menos que se indique lo contrario, sirve para identificar a los Usuarios y recordar sus preferencias, con el \u00fanico prop\u00f3sito de proporcionar el servicio requerido por el usuario. El hecho de no proporcionar ciertos Datos personales puede hacer que esta Aplicaci\u00f3n no pueda proporcionar sus servicios. El Usuario asume la responsabilidad de los Datos Personales de terceros publicados o compartidos a trav\u00e9s de esta Aplicaci\u00f3n y declara tener derecho a comunicarlos o difundirlos, liberando as\u00ed al Responsable del Tratamiento de toda responsabilidad.<\/p><h2>Modo y lugar de tratamiento de los Datos<\/h2><h3>M\u00e9todos de procesamiento<\/h3><p>El Controlador de datos procesa los Datos de los Usuarios de manera adecuada y tomar\u00e1 las medidas de seguridad adecuadas para evitar el acceso no autorizado, la divulgaci\u00f3n, la modificaci\u00f3n o la destrucci\u00f3n no autorizada de los Datos. El tratamiento de los Datos se lleva a cabo utilizando ordenadores y\/o herramientas inform\u00e1ticas, siguiendo procedimientos y modos organizativos estrictamente relacionados con las finalidades indicadas. Adem\u00e1s del Controlador de datos, en algunos casos, los Datos pueden ser accesibles a ciertos tipos de personas a cargo, involucradas con la operaci\u00f3n del sitio (administraci\u00f3n, ventas, marketing, legal, administraci\u00f3n del sistema) o partes externas (como terceros). terceros proveedores de servicios t\u00e9cnicos, carteros, proveedores de hosting, empresas inform\u00e1ticas, agencias de comunicaci\u00f3n) designados, en su caso, como Encargados del Tratamiento por el Titular. La lista actualizada de estas partes se puede solicitar al Controlador de datos en cualquier momento.<\/p><h3>Lugar<\/h3><p>Los Datos se procesan en las oficinas operativas del Controlador de datos y en cualquier otro lugar donde se encuentren las partes involucradas en el procesamiento. Para obtener m\u00e1s informaci\u00f3n, p\u00f3ngase en contacto con el controlador de datos.<\/p><h3>Tiempo de retenci\u00f3n<\/h3><p>Los Datos se conservan durante el tiempo necesario para prestar el servicio solicitado por el Usuario, o indicado por los fines descritos en este documento, y el Usuario siempre puede solicitar que el Controlador de datos suspenda o elimine los datos.<\/p><h2>El uso de los Datos recopilados<\/h2><p>Los Datos relativos al Usuario se recopilan para permitir que la Aplicaci\u00f3n brinde sus servicios, as\u00ed como para los siguientes fines: Acceso a cuentas de servicios de terceros, Interacciones basadas en la ubicaci\u00f3n, Comentarios de contenido e Interacci\u00f3n con redes sociales y plataformas externas. Los Datos Personales utilizados para cada prop\u00f3sito se describen en las secciones espec\u00edficas de este documento.<\/p><h2>Permisos de Facebook solicitados por esta Aplicaci\u00f3n<\/h2><p>Esta Aplicaci\u00f3n puede solicitar algunos permisos de Facebook que le permitan realizar acciones con la cuenta de Facebook del Usuario y recuperar informaci\u00f3n, incluidos Datos Personales, de la misma. Para obtener m\u00e1s informaci\u00f3n sobre los siguientes permisos, consulte la documentaci\u00f3n de permisos de Facebook y la pol\u00edtica de privacidad de Facebook. Los permisos solicitados son los siguientes:<\/p><h3>Informaci\u00f3n b\u00e1sica<\/h3><p>De forma predeterminada, esto incluye ciertos datos del usuario, como identificaci\u00f3n, nombre, imagen, g\u00e9nero y su ubicaci\u00f3n. Ciertas conexiones del Usuario, como los Amigos, tambi\u00e9n est\u00e1n disponibles. Si el usuario ha hecho p\u00fablicos m\u00e1s datos, habr\u00e1 m\u00e1s informaci\u00f3n disponible.<\/p><h3>registros<\/h3><p>Proporciona acceso de lectura a los registros del usuario autorizado<\/p><h3>Correo electr\u00f3nico<\/h3><p>Proporciona acceso a la direcci\u00f3n de correo electr\u00f3nico principal del usuario.<\/p><h3>Gustos<\/h3><p>Proporciona acceso a la lista de todas las p\u00e1ginas que le han gustado al usuario.<\/p><h3>Fotos<\/h3><p>Brinda acceso a las fotos que el usuario ha subido y a las fotos en las que el usuario ha sido etiquetado.<\/p><h3>Publicar actividad de la aplicaci\u00f3n<\/h3><p>Permite que la aplicaci\u00f3n publique en Open Graph mediante acciones integradas, logros, puntuaciones o acciones personalizadas. La aplicaci\u00f3n tambi\u00e9n puede publicar otra actividad que se detalla en el documento de permisos de publicaci\u00f3n de Facebook.<\/p><h2>Informaci\u00f3n detallada sobre el tratamiento de Datos Personales<\/h2><p>Los datos personales se recopilan para los siguientes prop\u00f3sitos y utilizando los siguientes servicios:<\/p><h3>Acceso a cuentas de servicios de terceros<\/h3><p>Estos servicios permiten que esta Aplicaci\u00f3n acceda a los Datos de su cuenta en un servicio de terceros y realice acciones con ellos. Estos servicios no se activan autom\u00e1ticamente, sino que requieren autorizaci\u00f3n expresa por parte del Usuario.<br \/><strong>Acceso a la cuenta de Facebook (Esta Aplicaci\u00f3n)<\/strong><br \/>Este servicio permite que esta Aplicaci\u00f3n se conecte con la cuenta del Usuario en la red social Facebook, proporcionada por Facebook Inc. Permisos solicitados: Checkins, Correo electr\u00f3nico, Me gusta, Fotos y Publicar actividad de la aplicaci\u00f3n. Lugar de procesamiento: EE. UU. \u2013 Pol\u00edtica de privacidad<\/p><h3>Comentando contenido<\/h3><p>Los servicios de comentarios de contenido permiten a los Usuarios realizar y publicar sus comentarios sobre los contenidos de esta Aplicaci\u00f3n. Dependiendo de la configuraci\u00f3n elegida por el Titular, los Usuarios tambi\u00e9n podr\u00e1n dejar comentarios an\u00f3nimos. En caso de que entre los Datos Personales proporcionados por el Usuario exista una direcci\u00f3n de correo electr\u00f3nico, \u00e9sta podr\u00e1 ser utilizada para el env\u00edo de notificaciones de comentarios sobre el mismo contenido. Los usuarios son responsables del contenido de sus propios comentarios. Si se instala un servicio de comentarios de contenido proporcionado por terceros, a\u00fan puede recopilar datos de tr\u00e1fico web para las p\u00e1ginas donde est\u00e1 instalado el servicio de comentarios, incluso cuando los usuarios no usan el servicio de comentarios de contenido.<br \/><strong>Comentarios de Facebook (Facebook)<\/strong><br \/>Facebook Comments es un servicio de comentarios de contenido proporcionado por Facebook Inc. que permite al usuario dejar comentarios y compartirlos en la plataforma de Facebook. Datos Personales recopilados: Cookie y Datos de Uso. Lugar de procesamiento: EE. UU. \u2013 Pol\u00edtica de privacidad<\/p><h3>Interacci\u00f3n con redes sociales y plataformas externas<\/h3><p>Estos servicios permiten la interacci\u00f3n con redes sociales u otras plataformas externas directamente desde las p\u00e1ginas de esta Aplicaci\u00f3n. La interacci\u00f3n y la informaci\u00f3n obtenida por esta Aplicaci\u00f3n est\u00e1n siempre sujetas a la configuraci\u00f3n de privacidad del Usuario para cada red social. Si est\u00e1 instalado un servicio que permite la interacci\u00f3n con las redes sociales, a\u00fan puede recopilar datos de tr\u00e1fico para las p\u00e1ginas donde est\u00e1 instalado el servicio, incluso cuando los Usuarios no lo utilizan.<br \/><strong>Bot\u00f3n Me gusta de Facebook y widgets sociales (Facebook)<\/strong><br \/>El bot\u00f3n Me gusta de Facebook y los widgets sociales son servicios que permiten la interacci\u00f3n con la red social Facebook proporcionados por Facebook Inc. Datos personales recopilados: Cookie y Datos de uso. Lugar de procesamiento: EE. UU. \u2013 Pol\u00edtica de privacidad<\/p><h3>Interacciones basadas en la ubicaci\u00f3n<\/h3><p><strong>Geolocalizaci\u00f3n (Esta Aplicaci\u00f3n)\u00a0<\/strong><br \/>Esta Aplicaci\u00f3n puede recopilar, usar y compartir Datos de ubicaci\u00f3n del Usuario para proporcionar servicios basados en la ubicaci\u00f3n. La mayor\u00eda de los navegadores y dispositivos proporcionan herramientas para excluirse de esta funci\u00f3n de forma predeterminada. Si se ha proporcionado una autorizaci\u00f3n expl\u00edcita, esta Aplicaci\u00f3n puede rastrear los datos de ubicaci\u00f3n del Usuario. Datos Personales recabados: Posici\u00f3n geogr\u00e1fica.<\/p><h2>Informaci\u00f3n adicional sobre la recopilaci\u00f3n y el procesamiento de datos<\/h2><h3>Accion legal<\/h3><p>Los Datos Personales del Usuario podr\u00e1n ser utilizados con fines legales por el Responsable del Tratamiento, en sede judicial o en las etapas conducentes a posibles acciones judiciales derivadas del uso indebido de esta Aplicaci\u00f3n o de los servicios relacionados.<br \/>El Usuario es consciente del hecho de que el Controlador de datos puede estar obligado a revelar datos personales a pedido de las autoridades p\u00fablicas.<\/p><h3>Informaci\u00f3n adicional sobre los Datos Personales del Usuario<\/h3><p>Adem\u00e1s de la informaci\u00f3n contenida en esta pol\u00edtica de privacidad, esta Aplicaci\u00f3n puede proporcionar al Usuario informaci\u00f3n adicional y contextual sobre servicios particulares o la recopilaci\u00f3n y el procesamiento de Datos Personales previa solicitud.<\/p><h3>Registros y mantenimiento del sistema<\/h3><p>Para fines de operaci\u00f3n y mantenimiento, esta Aplicaci\u00f3n y los servicios de terceros pueden recopilar archivos que registran la interacci\u00f3n con esta Aplicaci\u00f3n (Registros del sistema) o usar para este prop\u00f3sito otros Datos personales (como la direcci\u00f3n IP).<\/p><h3>Informaci\u00f3n no contenida en esta pol\u00edtica<\/h3><p>Se pueden solicitar m\u00e1s detalles sobre la recopilaci\u00f3n o el procesamiento de Datos personales al Controlador de datos en cualquier momento. Consulte la informaci\u00f3n de contacto al principio de este documento.<\/p><h3>Los derechos de los Usuarios<\/h3><p>Los usuarios tienen derecho, en cualquier momento, a saber si sus Datos Personales han sido almacenados y pueden consultar al Controlador de Datos para conocer su contenido y origen, verificar su exactitud o solicitar que se completen, cancelen, actualicen o corrijan. , o para su transformaci\u00f3n en formato an\u00f3nimo o para bloquear los datos que se posean con infracci\u00f3n de la ley, as\u00ed como para oponerse a su tratamiento por cualquier motivo leg\u00edtimo. Las solicitudes deben enviarse al controlador de datos a la informaci\u00f3n de contacto establecida anteriormente.<br \/>Esta aplicaci\u00f3n no admite solicitudes de &quot;No rastrear&quot;.<br \/>Para determinar si alguno de los servicios de terceros que utiliza cumple con las solicitudes de &quot;No rastrear&quot;, lea sus pol\u00edticas de privacidad.<\/p><h3>Cambios a esta pol\u00edtica de privacidad<\/h3><p>El Controlador de datos se reserva el derecho de realizar cambios en esta pol\u00edtica de privacidad en cualquier momento mediante notificaci\u00f3n a sus Usuarios en esta p\u00e1gina. Se recomienda encarecidamente consultar esta p\u00e1gina con frecuencia, consultando la fecha de la \u00faltima modificaci\u00f3n que figura en la parte inferior. Si un Usuario se opone a cualquiera de los cambios en la Pol\u00edtica, el Usuario debe dejar de usar esta Aplicaci\u00f3n y puede solicitar que el Controlador de datos borre los Datos personales. A menos que se indique lo contrario, la pol\u00edtica de privacidad vigente en ese momento se aplica a todos los Datos personales que el Controlador de datos tiene sobre los Usuarios.<\/p><h2>Definiciones y referencias legales<\/h2><h3>Datos Personales (o Datos)<\/h3><p>Cualquier informaci\u00f3n relativa a una persona f\u00edsica, una persona jur\u00eddica, una instituci\u00f3n o una asociaci\u00f3n, que sea o pueda ser identificada, incluso indirectamente, por referencia a cualquier otra informaci\u00f3n, incluido un n\u00famero de identificaci\u00f3n personal.<\/p><h3>Datos de uso<\/h3><p>Informaci\u00f3n recopilada autom\u00e1ticamente de esta Aplicaci\u00f3n (o servicios de terceros empleados en esta Aplicaci\u00f3n), que puede incluir: las direcciones IP o los nombres de dominio de las computadoras utilizadas por los Usuarios que usan esta Aplicaci\u00f3n, las direcciones URI (Identificador Uniforme de Recursos), la hora de la solicitud, el m\u00e9todo utilizado para enviar la solicitud al servidor, el tama\u00f1o del archivo recibido en respuesta, el c\u00f3digo num\u00e9rico que indica el estado de la respuesta del servidor (resultado exitoso, error, etc.), el pa\u00eds de origen, el caracter\u00edsticas del navegador y el sistema operativo utilizado por el Usuario, los diversos detalles de tiempo por visita (por ejemplo, el tiempo dedicado a cada p\u00e1gina dentro de la Aplicaci\u00f3n) y los detalles sobre la ruta seguida dentro de la Aplicaci\u00f3n con especial referencia a la secuencia de p\u00e1ginas visitadas y otros par\u00e1metros sobre el sistema operativo del dispositivo y\/o el entorno inform\u00e1tico del Usuario.<\/p><h3>Usuario<\/h3><p>La persona f\u00edsica usuaria de esta Aplicaci\u00f3n, que deber\u00e1 coincidir o ser autorizada por el Titular, a quien se refieren los Datos Personales.<\/p><h3>Sujeto de datos<\/h3><p>La persona f\u00edsica o jur\u00eddica a la que se refieren los Datos Personales.<\/p><h3>Procesador de datos (o supervisor de datos)<\/h3><p>La persona f\u00edsica, persona jur\u00eddica, administraci\u00f3n p\u00fablica o cualquier otro organismo, asociaci\u00f3n u organizaci\u00f3n autorizada por el Controlador de datos para procesar los Datos personales de conformidad con esta pol\u00edtica de privacidad.<\/p><h3>Controlador de datos (o propietario)<\/h3><p>La persona f\u00edsica, persona jur\u00eddica, administraci\u00f3n p\u00fablica o cualquier otro organismo, asociaci\u00f3n u organizaci\u00f3n con derecho, tambi\u00e9n junto con otro Controlador de datos, a tomar decisiones sobre los prop\u00f3sitos y los m\u00e9todos de procesamiento de Datos personales y los medios utilizados, incluido el medidas de seguridad relativas al funcionamiento y uso de esta Aplicaci\u00f3n. El Controlador de datos, a menos que se especifique lo contrario, es el Propietario de esta Aplicaci\u00f3n.<\/p><h3>Esta aplicaci\u00f3n<\/h3><p>La herramienta de hardware o software mediante la cual se recopilan los Datos Personales del Usuario.<\/p><h3>Galleta<\/h3><p>Peque\u00f1o dato almacenado en el dispositivo del Usuario.<\/p><h3>Informaci\u00f3n legal<\/h3><p>Aviso a los usuarios europeos: esta declaraci\u00f3n de privacidad ha sido preparada en cumplimiento de las obligaciones en virtud del art. 10 de la Directiva CE n. 95\/46\/CE, y en virtud de lo dispuesto en la Directiva 2002\/58\/CE, revisada por la Directiva 2009\/136\/CE, en materia de Cookies. Esta pol\u00edtica de privacidad se relaciona \u00fanicamente con esta Aplicaci\u00f3n.<\/p><p>\u00a0<\/p><p><em><strong>\u00daltima actualizaci\u00f3n: 24 de abril de 2018.<\/strong><\/em><\/p>\t\t\t\t\t\t<\/div>\n\t\t\t\t<\/div>\n\t\t\t\t\t<\/div>\n\t\t<\/div>\n\t\t\t\t\t<\/div>\n\t\t<\/section>\n\t\t\t\t<section class=\"elementor-section elementor-top-section elementor-element elementor-element-5bedc06 elementor-section-boxed elementor-section-height-default elementor-section-height-default\" data-id=\"5bedc06\" data-element_type=\"section\" data-settings=\"{&quot;ekit_has_onepagescroll_dot&quot;:&quot;yes&quot;}\">\n\t\t\t\t\t\t<div class=\"elementor-container elementor-column-gap-default\">\n\t\t\t\t\t<div class=\"elementor-column elementor-col-100 elementor-top-column elementor-element elementor-element-6f28c17\" data-id=\"6f28c17\" data-element_type=\"column\">\n\t\t\t<div class=\"elementor-widget-wrap\">\n\t\t\t\t\t\t\t<\/div>\n\t\t<\/div>\n\t\t\t\t\t<\/div>\n\t\t<\/section>\n\t\t\t\t<\/div>","protected":false},"excerpt":{"rendered":"<p>Pol\u00edtica de privacidad del sitio web y la aplicaci\u00f3n de plataforma de No Cap Apps. Esta aplicaci\u00f3n recopila algunos datos personales de sus usuarios. Controlador de datos y propietario de No Cap Apps PO Box 85038 Hallandale Beach, Fl 33008 Propiedad de No Cap Apps - Isaac Ergas Tipos de datos recopilados Entre los tipos de datos personales que este [\u2026]<\/p>","protected":false},"author":2,"featured_media":0,"parent":0,"menu_order":0,"comment_status":"closed","ping_status":"closed","template":"","meta":[],"acf":[],"_links":{"self":[{"href":"https:\/\/nocapapps.com\/es\/wp-json\/wp\/v2\/pages\/2383"}],"collection":[{"href":"https:\/\/nocapapps.com\/es\/wp-json\/wp\/v2\/pages"}],"about":[{"href":"https:\/\/nocapapps.com\/es\/wp-json\/wp\/v2\/types\/page"}],"author":[{"embeddable":true,"href":"https:\/\/nocapapps.com\/es\/wp-json\/wp\/v2\/users\/2"}],"replies":[{"embeddable":true,"href":"https:\/\/nocapapps.com\/es\/wp-json\/wp\/v2\/comments?post=2383"}],"version-history":[{"count":22,"href":"https:\/\/nocapapps.com\/es\/wp-json\/wp\/v2\/pages\/2383\/revisions"}],"predecessor-version":[{"id":3132,"href":"https:\/\/nocapapps.com\/es\/wp-json\/wp\/v2\/pages\/2383\/revisions\/3132"}],"wp:attachment":[{"href":"https:\/\/nocapapps.com\/es\/wp-json\/wp\/v2\/media?parent=2383"}],"curies":[{"name":"wp","href":"https:\/\/api.w.org\/{rel}","templated":true}]}}