{"id":3763,"date":"2022-03-16T00:55:17","date_gmt":"2022-03-16T00:55:17","guid":{"rendered":"https:\/\/nocapapps.com\/?page_id=3763"},"modified":"2022-03-16T00:56:30","modified_gmt":"2022-03-16T00:56:30","slug":"build-my-app-for-me","status":"publish","type":"page","link":"https:\/\/nocapapps.com\/es\/build-my-app-for-me\/","title":{"rendered":"Cree mi aplicaci\u00f3n para m\u00ed"},"content":{"rendered":"<div data-elementor-type=\"wp-page\" data-elementor-id=\"3763\" class=\"elementor elementor-3763\">\n\t\t\t\t\t\t<section class=\"elementor-section elementor-top-section elementor-element elementor-element-ecdf008 elementor-section-full_width elementor-section-stretched elementor-section-height-default elementor-section-height-default\" data-id=\"ecdf008\" data-element_type=\"section\" data-settings=\"{&quot;stretch_section&quot;:&quot;section-stretched&quot;,&quot;ekit_has_onepagescroll_dot&quot;:&quot;yes&quot;}\">\n\t\t\t\t\t\t<div class=\"elementor-container elementor-column-gap-no\">\n\t\t\t\t\t<div class=\"elementor-column elementor-col-100 elementor-top-column elementor-element elementor-element-f7e5b75\" data-id=\"f7e5b75\" data-element_type=\"column\">\n\t\t\t<div class=\"elementor-widget-wrap elementor-element-populated\">\n\t\t\t\t\t\t<div class=\"elementor-element elementor-element-f5d485d elementor-widget__width-inherit elementor-widget elementor-widget-applic-hero\" data-id=\"f5d485d\" data-element_type=\"widget\" data-settings=\"{&quot;ekit_we_effect_on&quot;:&quot;none&quot;}\" data-widget_type=\"applic-hero.default\">\n\t\t\t\t<div class=\"elementor-widget-container\">\n\t\t\t            <!--WELCOME TEXT AREA-->\r\n            <div class=\"welcome-text-area font16 white\">\r\n                <div style=\"background:inherit\"\r\n                     class=\"area-bg lazyload\" data-bg=\"url(https:\/\/nocapapps.com\/wp-content\/uploads\/2022\/03\/Untitled-design-56.png) no-repeat scroll center center \/ 100% 100%\"><\/div>\r\n                <div class=\"welcome-area  section-padding\">\r\n                    <div class=\"container\">\r\n                        <div class=\"row flex-v-center\">\r\n                            <div class=\"col-md-7 col-lg-7 col-sm-12 col-xs-12\">\r\n                                <div class=\"welcome-text\">\r\n\t\t\t\t\t\t\t\t\t                                        <h4 class=\"wow fadeInUp\"\r\n                                            data-wow-delay=\"0.3s\">Servicio de desarrollo de aplicaciones<\/h4>\r\n\t\t\t\t\t\t\t\t\t\t\t\t\t\t\t\t\t\t                                        <h1 class=\"wow fadeInUp\"\r\n                                            data-wow-delay=\"0.6s\">\u00a1Sin tiempo, sin problema!<\/span> Le ayudaremos a empezar.<\/h1>\r\n\t\t\t\t\t\t\t\t\t\t\t\t\t\t\t\t\t\t                                        <p class=\"wow fadeInUp\"\r\n                                           data-wow-delay=\"0.9s\">Nuestros expertos elaborar\u00e1n un plan estrat\u00e9gico de aplicaciones, desarrollar\u00e1n y brindar\u00e1n soporte de un socio confiable para garantizar el \u00e9xito de su aplicaci\u00f3n. El servicio de desarrollo de No Cap App&amp;#039 proporciona a su empresa las claves necesarias para tener \u00e9xito en el mundo digital.<\/p>\r\n\t\t\t\t\t\t\t\t\t                                    <div class=\"home-button mt40 xs-mt40 wow fadeInUp\" data-wow-delay=\"1.2s\">\r\n\t\t\t\t\t\t\t\t\t\t\t\t\t\t\t\t\t\t\t\t\t                                                <a  class=\"xs-mb20\"\r\n                                                                                href=\"#\">Reserve una consulta<\/a>\r\n\t\t\t\t\t\t\t\t\t\t\t\t                                    <\/div>\r\n                                <\/div>\r\n                            <\/div>\r\n                        <\/div>\r\n                    <\/div>\r\n\t\t\t\t\t                        <div class=\"welcome-layer-1 hidden-sm hidden-xs\">\r\n\t\t\t\t\t\t\t                        <\/div>\r\n\t\t\t\t\t                <\/div>\r\n            <\/div>\r\n            <!--WELCOME TEXT AREA END-->\r\n\t\t\t\t\t<\/div>\n\t\t\t\t<\/div>\n\t\t\t\t\t<\/div>\n\t\t<\/div>\n\t\t\t\t\t<\/div>\n\t\t<\/section>\n\t\t\t\t<section class=\"elementor-section elementor-top-section elementor-element elementor-element-4909d4d elementor-section-boxed elementor-section-height-default elementor-section-height-default\" data-id=\"4909d4d\" data-element_type=\"section\" data-settings=\"{&quot;ekit_has_onepagescroll_dot&quot;:&quot;yes&quot;}\">\n\t\t\t\t\t\t<div class=\"elementor-container elementor-column-gap-default\">\n\t\t\t\t\t<div class=\"elementor-column elementor-col-100 elementor-top-column elementor-element elementor-element-71a6f2b\" data-id=\"71a6f2b\" data-element_type=\"column\">\n\t\t\t<div class=\"elementor-widget-wrap elementor-element-populated\">\n\t\t\t\t\t\t<div class=\"elementor-element elementor-element-cafcebf elementor-widget elementor-widget-applic-contact\" data-id=\"cafcebf\" data-element_type=\"widget\" data-settings=\"{&quot;ekit_we_effect_on&quot;:&quot;none&quot;}\" data-widget_type=\"applic-contact.default\">\n\t\t\t\t<div class=\"elementor-widget-container\">\n\t\t\t            <!--CONTACT AREA-->\r\n            <section class=\"contact-area padding-100-50\">\r\n                <div class=\"container\">\r\n                    <div class=\"row\">\r\n                        <div class=\"col-md-6 col-lg-6 col-md-offset-3 col-lg-offset-3 col-sm-12 col-xs-12\">\r\n                            <div class=\"area-title center\">\r\n\t                                                                <h4 class=\"subtitle\">Desarrollo de aplicaciones<\/h4>\r\n\t                                                                                                <h2>Reserve una consulta con nuestro equipo de desarrollo<\/h2>\r\n                                                            <\/div>\r\n                        <\/div>\r\n                    <\/div>\r\n                    <div class=\"row\">\r\n                        <div class=\"col-md-5 col-lg-5 col-sm-12 col-xs-12\">\r\n                            <div class=\"contact-content padding50 mb50\">\r\n                                                                    <div class=\"single-contact\">\r\n                                        <div class=\"contact-icon\"><i class=\"\"><\/i><\/div>\r\n                                        <h3>Aplicaciones sin l\u00edmite<\/h3>\r\n                                        <p>Crear mi servicio de aplicaciones<\/p>\r\n                                    <\/div>\r\n                                                                    <div class=\"single-contact\">\r\n                                        <div class=\"contact-icon\"><i class=\"\"><\/i><\/div>\r\n                                        <h3>Contactar con Ventas<\/h3>\r\n                                        <p>855-505-2777 (APLICACIONES)<\/p>\r\n                                    <\/div>\r\n                                                            <\/div>\r\n                        <\/div>\r\n                        <div class=\"col-md-5 col-lg-5 col-md-offset-1 col-lg-offset-1 col-sm-12 col-xs-12\">\r\n                            <div class=\"contact-form mb50\">\r\n                                <div class=\"wpcf7 no-js\" id=\"wpcf7-f3825-o1\" lang=\"en-US\" dir=\"ltr\">\n<div class=\"screen-reader-response\"><p role=\"status\" aria-live=\"polite\" aria-atomic=\"true\"><\/p> <ul><\/ul><\/div>\n<form action=\"\/es\/wp-json\/wp\/v2\/pages\/3763#wpcf7-f3825-o1\" method=\"post\" class=\"wpcf7-form init\" aria-label=\"Formulario de contacto\" novalidate=\"novalidate\" data-status=\"init\" data-trp-original-action=\"\/es\/wp-json\/wp\/v2\/pages\/3763#wpcf7-f3825-o1\">\n<div style=\"display: none;\">\n<input type=\"hidden\" name=\"_wpcf7\" value=\"3825\" \/>\n<input type=\"hidden\" name=\"_wpcf7_version\" value=\"5.7.2\" \/>\n<input type=\"hidden\" name=\"_wpcf7_locale\" value=\"en_US\" \/>\n<input type=\"hidden\" name=\"_wpcf7_unit_tag\" value=\"wpcf7-f3825-o1\" \/>\n<input type=\"hidden\" name=\"_wpcf7_container_post\" value=\"0\" \/>\n<input type=\"hidden\" name=\"_wpcf7_posted_data_hash\" value=\"\" \/>\n<\/div>\n<div class=\"row\">\n<div class=\"col-md-12 col-lg-12 col-sm-12 col-xs-12\">\n<div class=\"form-group\" id=\"name-field\">\n<div class=\"form-input\">\n<label for=\"form-name\">Nombre<\/label>\n<span class=\"wpcf7-form-control-wrap\" data-name=\"text-309\"><input size=\"40\" class=\"wpcf7-form-control wpcf7-text wpcf7-validates-as-required form-control\" id=\"form-name\" aria-required=\"true\" aria-invalid=\"false\" placeholder=\"Ingrese su nombre completo\" value=\"\" type=\"text\" name=\"text-309\" \/><\/span>\n<\/div>\n<\/div>\n<\/div>\n<div class=\"col-md-12 col-lg-12 col-sm-12 col-xs-12\">\n<div class=\"form-group\" id=\"name-field\">\n<div class=\"form-input\">\n<label for=\"form-name\">Direcci\u00f3n web<\/label>\n<span class=\"wpcf7-form-control-wrap\" data-name=\"text-125\"><input size=\"40\" class=\"wpcf7-form-control wpcf7-text\" aria-invalid=\"false\" value=\"Website\" type=\"text\" name=\"text-125\" \/><\/span>\n<\/div>\n<\/div>\n<\/div>\n<div class=\"col-md-12 col-lg-12 col-sm-12 col-xs-12\">\n<div class=\"form-group\" id=\"email-field\">\n<div class=\"form-input\">\n<label for=\"form-email\">Correo electr\u00f3nico<\/label>\n<span class=\"wpcf7-form-control-wrap\" data-name=\"email-427\"><input size=\"40\" class=\"wpcf7-form-control wpcf7-text wpcf7-email wpcf7-validates-as-required wpcf7-validates-as-email form-control\" id=\"form-email\" aria-required=\"true\" aria-invalid=\"false\" placeholder=\"Requerido\" value=\"\" type=\"email\" name=\"email-427\" \/><\/span>\n<\/div>\n<\/div>\n<\/div>\n<div class=\"col-md-12 col-lg-12 col-sm-12 col-xs-12\">\n<div class=\"form-group\" id=\"phone-field\">\n<div class=\"form-input\">\n<label for=\"form-phone\">Tel\u00e9fono<\/label>\n<span class=\"wpcf7-form-control-wrap\" data-name=\"tel-704\"><input size=\"40\" class=\"wpcf7-form-control wpcf7-text wpcf7-tel wpcf7-validates-as-tel form-control\" id=\"form-phone\" aria-invalid=\"false\" value=\"\" type=\"tel\" name=\"tel-704\" \/><\/span>\n<\/div>\n<\/div>\n<\/div>\n<div class=\"col-md-12 col-lg-12 col-sm-12 col-xs-12\">\n<div class=\"form-group\" id=\"subject-field\">\n<div class=\"form-input\">\n<label for=\"form-phone\">Sujeto<\/label>\n<span class=\"wpcf7-form-control-wrap\" data-name=\"text-995\"><input size=\"40\" class=\"wpcf7-form-control wpcf7-text wpcf7-validates-as-required form-control\" id=\"form-subject\" aria-required=\"true\" aria-invalid=\"false\" placeholder=\"\u00bfC\u00f3mo podemos ayudar?\" value=\"\" type=\"text\" name=\"text-995\" \/><\/span>\n<\/div>\n<\/div>\n<\/div>\n<div class=\"col-md-12 col-lg-12 col-sm-12 col-xs-12\">\n<div class=\"form-group\" id=\"message-field\">\n<div class=\"form-input\">\n<label for=\"form-message\">Tipo de aplicaci\u00f3n<\/label>\n<span class=\"wpcf7-form-control-wrap\" data-name=\"menu-505\"><select class=\"wpcf7-form-control wpcf7-select wpcf7-validates-as-required\" aria-required=\"true\" aria-invalid=\"false\" multiple=\"multiple\" name=\"menu-505[]\"><option value=\"Delivery\">Entrega<\/option><option value=\"E-Commerce\">comercio electr\u00f3nico<\/option><option value=\"Education\">Educaci\u00f3n<\/option><option value=\"Entertainment\">Entretenimiento<\/option><option value=\"Events \/ Conferences\">Eventos \/ Conferencias<\/option><option value=\"Fitness &amp; Wellness\">Fitness y Bienestar<\/option><option value=\"Finance\">Finanzas<\/option><option value=\"Health &amp; Lifestyle\">Salud y estilo de vida<\/option><option value=\"Internal Business App\">Aplicaci\u00f3n empresarial interna<\/option><option value=\"Loyalty\">Lealtad<\/option><option value=\"Music\">M\u00fasica<\/option><option value=\"News\">Noticias<\/option><option value=\"Pets\">Mascotas<\/option><option value=\"Restaurant &amp; Bars\">Restaurante &amp; Bares<\/option><option value=\"Salon\">Sal\u00f3n<\/option><option value=\"Schools &amp; Universities\">Escuelas y Universidades<\/option><option value=\"Spa\">Spa<\/option><option value=\"Staffing\">dotaci\u00f3n de personal<\/option><option value=\"Sports\">Deportes<\/option><option value=\"Travel\">Viaje<\/option><option value=\"Unique Idea\">Idea \u00fanica<\/option><option value=\"Utility\">Utilidad<\/option><\/select><\/span>\n<\/div>\n<\/div>\n<div class=\"col-md-12 col-lg-12 col-sm-12 col-xs-12\">\n<div class=\"form-group\" id=\"message-field\">\n<div class=\"form-input\">\n<label for=\"form-message\">Mensaje<\/label>\n<span class=\"wpcf7-form-control-wrap\" data-name=\"form-message\"><textarea cols=\"40\" rows=\"10\" class=\"wpcf7-form-control wpcf7-textarea wpcf7-validates-as-required form-control\" id=\"form-message\" aria-required=\"true\" aria-invalid=\"false\" placeholder=\"Agregue cualquier informaci\u00f3n adicional para ayudarnos a estar mejor preparados para su consulta\" name=\"form-message\"><\/textarea><\/span>\n<\/div>\n<\/div>\n<div class=\"col-md-12 col-lg-12 col-sm-12 col-xs-12\">\n<div class=\"form-group mb0\">\n<button class=\"read-more active\" type=\"submit\">Enviar mensaje<\/button>\n<\/div>\n<\/div><div class=\"wpcf7-response-output\" aria-hidden=\"true\"><\/div><input type=\"hidden\" name=\"trp-form-language\" value=\"es\"\/><\/form><\/div>                            <\/div>\r\n                        <\/div>\r\n                    <\/div>\r\n                <\/div>\r\n            <\/section>\r\n            <!--CONTACT AREA END-->\r\n            \t\t<\/div>\n\t\t\t\t<\/div>\n\t\t\t\t\t<\/div>\n\t\t<\/div>\n\t\t\t\t\t<\/div>\n\t\t<\/section>\n\t\t\t\t<\/div>","protected":false},"excerpt":{"rendered":"<p>Servicio de desarrollo de aplicaciones \u00a1Sin tiempo, sin problemas! Le ayudaremos a empezar. Nuestros expertos elaborar\u00e1n un plan estrat\u00e9gico de aplicaci\u00f3n, desarrollar\u00e1n y brindar\u00e1n soporte de un socio confiable para garantizar el \u00e9xito de su aplicaci\u00f3n. El servicio de desarrollo de No Cap App proporciona a su empresa las claves necesarias para tener \u00e9xito en el mundo digital. Reserve una aplicaci\u00f3n de consulta [\u2026]<\/p>","protected":false},"author":2,"featured_media":0,"parent":0,"menu_order":0,"comment_status":"closed","ping_status":"closed","template":"","meta":[],"acf":[],"_links":{"self":[{"href":"https:\/\/nocapapps.com\/es\/wp-json\/wp\/v2\/pages\/3763"}],"collection":[{"href":"https:\/\/nocapapps.com\/es\/wp-json\/wp\/v2\/pages"}],"about":[{"href":"https:\/\/nocapapps.com\/es\/wp-json\/wp\/v2\/types\/page"}],"author":[{"embeddable":true,"href":"https:\/\/nocapapps.com\/es\/wp-json\/wp\/v2\/users\/2"}],"replies":[{"embeddable":true,"href":"https:\/\/nocapapps.com\/es\/wp-json\/wp\/v2\/comments?post=3763"}],"version-history":[{"count":84,"href":"https:\/\/nocapapps.com\/es\/wp-json\/wp\/v2\/pages\/3763\/revisions"}],"predecessor-version":[{"id":3852,"href":"https:\/\/nocapapps.com\/es\/wp-json\/wp\/v2\/pages\/3763\/revisions\/3852"}],"wp:attachment":[{"href":"https:\/\/nocapapps.com\/es\/wp-json\/wp\/v2\/media?parent=3763"}],"curies":[{"name":"wp","href":"https:\/\/api.w.org\/{rel}","templated":true}]}}