{"id":2393,"date":"2022-02-02T03:46:35","date_gmt":"2022-02-02T03:46:35","guid":{"rendered":"https:\/\/nocapapps.com\/?post_type=product&#038;p=2393"},"modified":"2025-08-21T11:42:51","modified_gmt":"2025-08-21T15:42:51","slug":"app-publishing-service-ios-android","status":"publish","type":"product","link":"https:\/\/nocapapps.com\/es\/producto\/app-publishing-service-ios-android\/","title":{"rendered":"Servicio de publicaci\u00f3n de aplicaciones iOS y Android"},"content":{"rendered":"<p>Entendemos que a veces es posible que no desee seguir los pasos para publicar su aplicaci\u00f3n. \u00a1No se preocupe, tambi\u00e9n podemos manejar esto por usted! <img class=\"alignnone size-medium wp-image-1426 lazyload\" data-src=\"https:\/\/nocapapps.com\/wp-content\/uploads\/2022\/01\/1-1-300x141.png\" alt=\"\" width=\"300\" height=\"141\" data-srcset=\"https:\/\/nocapapps.com\/wp-content\/uploads\/2022\/01\/1-1-300x141.png 300w, https:\/\/nocapapps.com\/wp-content\/uploads\/2022\/01\/1-1-1024x482.png 1024w, https:\/\/nocapapps.com\/wp-content\/uploads\/2022\/01\/1-1-768x361.png 768w, https:\/\/nocapapps.com\/wp-content\/uploads\/2022\/01\/1-1-1536x723.png 1536w, https:\/\/nocapapps.com\/wp-content\/uploads\/2022\/01\/1-1-2048x964.png 2048w, https:\/\/nocapapps.com\/wp-content\/uploads\/2022\/01\/1-1-570x268.png 570w, https:\/\/nocapapps.com\/wp-content\/uploads\/2022\/01\/1-1-270x127.png 270w, https:\/\/nocapapps.com\/wp-content\/uploads\/2022\/01\/1-1-600x282.png 600w\" data-sizes=\"(max-width: 300px) 100vw, 300px\" src=\"data:image\/gif;base64,R0lGODlhAQABAAAAACH5BAEKAAEALAAAAAABAAEAAAICTAEAOw==\" style=\"--smush-placeholder-width: 300px; --smush-placeholder-aspect-ratio: 300\/141;\" \/><noscript><img class=\"alignnone size-medium wp-image-1426\" src=\"https:\/\/nocapapps.com\/wp-content\/uploads\/2022\/01\/1-1-300x141.png\" alt=\"\" width=\"300\" height=\"141\" srcset=\"https:\/\/nocapapps.com\/wp-content\/uploads\/2022\/01\/1-1-300x141.png 300w, https:\/\/nocapapps.com\/wp-content\/uploads\/2022\/01\/1-1-1024x482.png 1024w, https:\/\/nocapapps.com\/wp-content\/uploads\/2022\/01\/1-1-768x361.png 768w, https:\/\/nocapapps.com\/wp-content\/uploads\/2022\/01\/1-1-1536x723.png 1536w, https:\/\/nocapapps.com\/wp-content\/uploads\/2022\/01\/1-1-2048x964.png 2048w, https:\/\/nocapapps.com\/wp-content\/uploads\/2022\/01\/1-1-570x268.png 570w, https:\/\/nocapapps.com\/wp-content\/uploads\/2022\/01\/1-1-270x127.png 270w, https:\/\/nocapapps.com\/wp-content\/uploads\/2022\/01\/1-1-600x282.png 600w\" sizes=\"(max-width: 300px) 100vw, 300px\" \/><\/noscript><\/p>\n<p>Publicaremos tu aplicaci\u00f3n por ti. Debe tener una cuenta de desarrollador con Apple Store $99 al a\u00f1o y Google Play Store (Android) $25 Tarifa \u00fanica.<\/p>\n<p>El costo de que publiquemos su aplicaci\u00f3n en ambas tiendas es $189.<\/p>\n<ul class=\"et_pb_pricing\">\n<li>Creaci\u00f3n de todos los certificados y archivos necesarios<\/li>\n<li>Una publicaci\u00f3n de la tienda iOS<\/li>\n<li>Una publicaci\u00f3n de Google Play Store de Android<\/li>\n<li>Debido a las nuevas pautas de Apple (4.2.6), cada empresa que quiera publicar su propia aplicaci\u00f3n debe tener su propia cuenta de desarrollador de Apple. Por lo tanto, a\u00fan debe obtener su cuenta de desarrollador de Apple, que cuesta $99 al a\u00f1o. Tambi\u00e9n necesita su propia cuenta de desarrollador de Android, que le cuesta $25 como tarifa \u00fanica.<\/li>\n<li>Si desea cambiar cosas fundamentales en su aplicaci\u00f3n, es posible que deba volver a publicar la aplicaci\u00f3n. Cosas como un nuevo \u00edcono, un nuevo fondo en la aplicaci\u00f3n, nuevas descripciones de la aplicaci\u00f3n en la tienda de aplicaciones y m\u00e1s. En la mayor\u00eda de los casos, agregar o eliminar las funciones del complemento No Cap App no requiere volver a publicar la aplicaci\u00f3n.<\/li>\n<li>Apple o Android pueden requerir que vuelvas a publicar tu aplicaci\u00f3n una vez al a\u00f1o.<\/li>\n<li>Publicaremos su aplicaci\u00f3n en iOS Apple Store y Android Play Store solo una vez. Si necesita volver a publicar su aplicaci\u00f3n por cualquier motivo, deber\u00e1 hacerlo usted mismo o contactarnos y asegurarse de obtener un buen descuento por segunda vez en la misma aplicaci\u00f3n.<\/li>\n<\/ul>\n<p>&nbsp;<\/p>\n<p>Puede publicarlo usted mismo y ahorrar dinero utilizando nuestro tutorial paso a paso y la documentaci\u00f3n en nuestra \u00e1rea de soporte.<\/p>","protected":false},"excerpt":{"rendered":"<p>Entendemos que a veces es posible que no desee seguir los pasos para publicar su aplicaci\u00f3n. \u00a1No se preocupe, tambi\u00e9n podemos manejar esto por usted! Publicaremos tu aplicaci\u00f3n por ti. Debe tener una cuenta de desarrollador con Apple Store $99 al a\u00f1o y Google Play Store (Android) $25 Tarifa \u00fanica. El costo de [\u2026]<\/p>","protected":false},"featured_media":4074,"comment_status":"open","ping_status":"closed","template":"","meta":[],"product_cat":[18],"product_tag":[],"acf":[],"_links":{"self":[{"href":"https:\/\/nocapapps.com\/es\/wp-json\/wp\/v2\/product\/2393"}],"collection":[{"href":"https:\/\/nocapapps.com\/es\/wp-json\/wp\/v2\/product"}],"about":[{"href":"https:\/\/nocapapps.com\/es\/wp-json\/wp\/v2\/types\/product"}],"replies":[{"embeddable":true,"href":"https:\/\/nocapapps.com\/es\/wp-json\/wp\/v2\/comments?post=2393"}],"wp:featuredmedia":[{"embeddable":true,"href":"https:\/\/nocapapps.com\/es\/wp-json\/wp\/v2\/media\/4074"}],"wp:attachment":[{"href":"https:\/\/nocapapps.com\/es\/wp-json\/wp\/v2\/media?parent=2393"}],"wp:term":[{"taxonomy":"product_cat","embeddable":true,"href":"https:\/\/nocapapps.com\/es\/wp-json\/wp\/v2\/product_cat?post=2393"},{"taxonomy":"product_tag","embeddable":true,"href":"https:\/\/nocapapps.com\/es\/wp-json\/wp\/v2\/product_tag?post=2393"}],"curies":[{"name":"wp","href":"https:\/\/api.w.org\/{rel}","templated":true}]}}